{"id":6425,"date":"2023-10-09T16:47:31","date_gmt":"2023-10-09T14:47:31","guid":{"rendered":"https:\/\/xavifreire.com\/contacte\/"},"modified":"2023-12-22T17:39:21","modified_gmt":"2023-12-22T16:39:21","slug":"contacte","status":"publish","type":"page","link":"https:\/\/xavifreire.com\/ca\/contacte\/","title":{"rendered":"Contacte"},"content":{"rendered":"<p>[vc_row row_content_width=&#8221;grid&#8221; css=&#8221;.vc_custom_1526384984851{padding-top: 100px !important;padding-bottom: 80px !important;}&#8221;][vc_column offset=&#8221;vc_col-lg-offset-2 vc_col-lg-8 vc_col-md-offset-1 vc_col-md-10 vc_col-sm-offset-1&#8243;]<div class=\"qodef-section-title-holder  qodef-st-corners qodef-st-title-left qodef-st-normal-space  \" style=\"text-align: center\">\n\t<div class=\"qodef-st-inner\">\n                    <span class=\"qodef-corner-line line-1\"><\/span>\n            <span class=\"qodef-corner-line line-2\"><\/span>\n            <span class=\"qodef-corner-line line-3\"><\/span>\n            <span class=\"qodef-corner-line line-4\"><\/span>\n        \t\t\t\t\t<h2 class=\"qodef-st-title\" >\n\t\t\t\tContacte\t\t\t<\/h2>\n\t\t\t\t\t\t\t<span class=\"qodef-st-text\" >\n\t\t\t\tEns trobar\u00e0s a\t\t\t<\/span>\n\t\t\t<\/div>\n<\/div>[\/vc_column][\/vc_row][vc_row content_placement=&#8221;top&#8221; row_content_width=&#8221;grid&#8221; css=&#8221;.vc_custom_1697468508926{padding-bottom: 175px !important;}&#8221;][vc_column offset=&#8221;vc_col-lg-offset-0 vc_col-lg-12 vc_col-md-offset-2 vc_col-md-8 vc_col-sm-offset-1&#8243;][vc_row_inner][vc_column_inner width=&#8221;1\/3&#8243;][\/vc_column_inner][vc_column_inner width=&#8221;1\/3&#8243;][vc_column_text]<\/p>\n<p style=\"text-align: center;\"><a href=\"https:\/\/www.google.com\/maps\/place\/Sur+La+Table\/@40.7669244,-73.9812285,17z\/data=!4m13!1m7!3m6!1s0x89c259ac19b15cb5:0xed96b53834f934b2!2s7th+Ave,+New+York,+NY,+USA!3b1!8m2!3d40.7669204!4d-73.9790398!3m4!1s0x89c258587aeade07:0x53458443b8896e13!8m2!3d40.7667972!4d-73.9837816\" target=\"_blank\" rel=\"noopener\"><span style=\"font-weight: 400;\">Carrer Camp Cires, 17 La Garriga<\/span><\/a><\/p>\n<p>[\/vc_column_text][vc_column_text]<\/p>\n<p style=\"text-align: center;\"><a href=\"https:\/\/www.google.com\/maps\/place\/Sur+La+Table\/@40.7669244,-73.9812285,17z\/data=!4m13!1m7!3m6!1s0x89c259ac19b15cb5:0xed96b53834f934b2!2s7th+Ave,+New+York,+NY,+USA!3b1!8m2!3d40.7669204!4d-73.9790398!3m4!1s0x89c258587aeade07:0x53458443b8896e13!8m2!3d40.7667972!4d-73.9837816\" target=\"_blank\" rel=\"noopener\"><span style=\"font-weight: 400;\">(08530)<\/span><\/a> Barcelona<\/p>\n<p>[\/vc_column_text][vc_column_text]<\/p>\n<p style=\"text-align: center;\"><span style=\"font-weight: 400;\">xavifreire@coac.net <\/span><\/p>\n<p style=\"text-align: center;\"><span style=\"font-weight: 400;\">+34 <\/span><span style=\"font-weight: 400;\">650813113<\/span><\/p>\n<p>[\/vc_column_text][vc_raw_html]PGRpdiBjbGFzcz0id2lkZ2V0IHFvZGVmLXNvY2lhbC1pY29ucy1ncm91cC13aWRnZXQgdGV4dC1hbGlnbi1jZW50ZXIiPgkJCQkJCQk8YSBjbGFzcz0icW9kZWYtc29jaWFsLWljb24td2lkZ2V0LWhvbGRlciBxb2RlZi1pY29uLWhhcy1ob3ZlciIgZGF0YS1ob3Zlci1jb2xvcj0iI2E0YTRhNCIgc3R5bGU9ImNvbG9yOiByZ2IoMCwgMCwgMCk7IGZvbnQtc2l6ZTogMTRweDsgbWFyZ2luOiAwcHggNnB4OyIgaHJlZj0iaHR0cHM6Ly93d3cuaW5zdGFncmFtLmNvbS94YXZpZnJlaXJlYXJxdWl0ZWN0ZSIgdGFyZ2V0PSJfYmxhbmsiPgo8c3BhbiBjbGFzcz0icW9kZWYtc29jaWFsLWljb24td2lkZ2V0IHNvY2lhbF9pbnN0YWdyYW0iPjwvc3Bhbj48L2E+CjxhIGNsYXNzPSJxb2RlZi1zb2NpYWwtaWNvbi13aWRnZXQtaG9sZGVyIHFvZGVmLWljb24taGFzLWhvdmVyIiBkYXRhLWhvdmVyLWNvbG9yPSIjYTRhNGE0IiBzdHlsZT0iY29sb3I6ICMwMDA7O2ZvbnQtc2l6ZTogMTRweDttYXJnaW46IDBweCA2cHg7IiBocmVmPSJodHRwczovL2xpbmtlZGluLmNvbS9pbi94YXZpZnJlaXJlLyIgdGFyZ2V0PSJfYmxhbmsiPgo8c3BhbiBjbGFzcz0icW9kZWYtc29jaWFsLWljb24td2lkZ2V0IHNvY2lhbF9saW5rZWRpbiI+PC9zcGFuPjwvYT4KCgkJCQkJCQkJCTwvZGl2Pg==[\/vc_raw_html][\/vc_column_inner][vc_column_inner width=&#8221;1\/3&#8243;][\/vc_column_inner][\/vc_row_inner][\/vc_column][\/vc_row][vc_row][vc_column][vc_gmaps link=&#8221;#E-8_JTNDaWZyYW1lJTIwc3JjJTNEJTIyaHR0cHMlM0ElMkYlMkZ3d3cuZ29vZ2xlLmNvbSUyRm1hcHMlMkZlbWJlZCUzRnBiJTNEJTIxMW0xOCUyMTFtMTIlMjExbTMlMjExZDI5NzkuNDYzNDU1NjAxNDIlMjEyZDIuMjgzNDkyMzc1OTgwNjI2NSUyMTNkNDEuNjg4OTI5Nzc3MjM3MjYlMjEybTMlMjExZjAlMjEyZjAlMjEzZjAlMjEzbTIlMjExaTEwMjQlMjEyaTc2OCUyMTRmMTMuMSUyMTNtMyUyMTFtMiUyMTFzMHgxMmE0YzU5OWM0OTUyNTgzJTI1M0EweDllM2E4NGMwMjc2ZGEyZGIlMjEyc0NhcnJlciUyNTIwQ2FtcCUyNTIwQ2lyZXMlMjUyQyUyNTIwMTclMjUyQyUyNTIwMDg1MzAlMjUyMExhJTI1MjBHYXJyaWdhJTI1MkMlMjUyMEJhcmNlbG9uYSUyMTVlMCUyMTNtMiUyMTFzY2ElMjEyc2VzJTIxNHYxNjk2ODY0Mzc0NDcyJTIxNW0yJTIxMXNjYSUyMTJzZXMlMjIlMjB3aWR0aCUzRCUyMjYwMCUyMiUyMGhlaWdodCUzRCUyMjQ1MCUyMiUyMHN0eWxlJTNEJTIyYm9yZGVyJTNBMCUzQiUyMiUyMGFsbG93ZnVsbHNjcmVlbiUzRCUyMiUyMiUyMGxvYWRpbmclM0QlMjJsYXp5JTIyJTIwcmVmZXJyZXJwb2xpY3klM0QlMjJuby1yZWZlcnJlci13aGVuLWRvd25ncmFkZSUyMiUzRSUzQyUyRmlmcmFtZSUzRQ==&#8221;][\/vc_column][\/vc_row]<\/p>\n","protected":false},"excerpt":{"rendered":"<p>[vc_row row_content_width=&#8221;grid&#8221; css=&#8221;.vc_custom_1526384984851{padding-top: 100px !important;padding-bottom: 80px !important;}&#8221;][vc_column offset=&#8221;vc_col-lg-offset-2 vc_col-lg-8 vc_col-md-offset-1 vc_col-md-10 vc_col-sm-offset-1&#8243;][\/vc_column][\/vc_row][vc_row content_placement=&#8221;top&#8221; row_content_width=&#8221;grid&#8221; css=&#8221;.vc_custom_1697468508926{padding-bottom: 175px !important;}&#8221;][vc_column offset=&#8221;vc_col-lg-offset-0 vc_col-lg-12 vc_col-md-offset-2 vc_col-md-8 vc_col-sm-offset-1&#8243;][vc_row_inner][vc_column_inner width=&#8221;1\/3&#8243;][\/vc_column_inner][vc_column_inner width=&#8221;1\/3&#8243;][vc_column_text] Carrer Camp Cires, 17 La Garriga [\/vc_column_text][vc_column_text] (08530) Barcelona [\/vc_column_text][vc_column_text] xavifreire@coac.net +34 650813113 [\/vc_column_text][vc_raw_html]PGRpdiBjbGFzcz0id2lkZ2V0IHFvZGVmLXNvY2lhbC1pY29ucy1ncm91cC13aWRnZXQgdGV4dC1hbGlnbi1jZW50ZXIiPgkJCQkJCQk8YSBjbGFzcz0icW9kZWYtc29jaWFsLWljb24td2lkZ2V0LWhvbGRlciBxb2RlZi1pY29uLWhhcy1ob3ZlciIgZGF0YS1ob3Zlci1jb2xvcj0iI2E0YTRhNCIgc3R5bGU9ImNvbG9yOiByZ2IoMCwgMCwgMCk7IGZvbnQtc2l6ZTogMTRweDsgbWFyZ2luOiAwcHggNnB4OyIgaHJlZj0iaHR0cHM6Ly93d3cuaW5zdGFncmFtLmNvbS94YXZpZnJlaXJlYXJxdWl0ZWN0ZSIgdGFyZ2V0PSJfYmxhbmsiPgo8c3BhbiBjbGFzcz0icW9kZWYtc29jaWFsLWljb24td2lkZ2V0IHNvY2lhbF9pbnN0YWdyYW0iPjwvc3Bhbj48L2E+CjxhIGNsYXNzPSJxb2RlZi1zb2NpYWwtaWNvbi13aWRnZXQtaG9sZGVyIHFvZGVmLWljb24taGFzLWhvdmVyIiBkYXRhLWhvdmVyLWNvbG9yPSIjYTRhNGE0IiBzdHlsZT0iY29sb3I6ICMwMDA7O2ZvbnQtc2l6ZTogMTRweDttYXJnaW46IDBweCA2cHg7IiBocmVmPSJodHRwczovL2xpbmtlZGluLmNvbS9pbi94YXZpZnJlaXJlLyIgdGFyZ2V0PSJfYmxhbmsiPgo8c3BhbiBjbGFzcz0icW9kZWYtc29jaWFsLWljb24td2lkZ2V0IHNvY2lhbF9saW5rZWRpbiI+PC9zcGFuPjwvYT4KCgkJCQkJCQkJCTwvZGl2Pg==[\/vc_raw_html][\/vc_column_inner][vc_column_inner width=&#8221;1\/3&#8243;][\/vc_column_inner][\/vc_row_inner][\/vc_column][\/vc_row][vc_row][vc_column][vc_gmaps link=&#8221;#E-8_JTNDaWZyYW1lJTIwc3JjJTNEJTIyaHR0cHMlM0ElMkYlMkZ3d3cuZ29vZ2xlLmNvbSUyRm1hcHMlMkZlbWJlZCUzRnBiJTNEJTIxMW0xOCUyMTFtMTIlMjExbTMlMjExZDI5NzkuNDYzNDU1NjAxNDIlMjEyZDIuMjgzNDkyMzc1OTgwNjI2NSUyMTNkNDEuNjg4OTI5Nzc3MjM3MjYlMjEybTMlMjExZjAlMjEyZjAlMjEzZjAlMjEzbTIlMjExaTEwMjQlMjEyaTc2OCUyMTRmMTMuMSUyMTNtMyUyMTFtMiUyMTFzMHgxMmE0YzU5OWM0OTUyNTgzJTI1M0EweDllM2E4NGMwMjc2ZGEyZGIlMjEyc0NhcnJlciUyNTIwQ2FtcCUyNTIwQ2lyZXMlMjUyQyUyNTIwMTclMjUyQyUyNTIwMDg1MzAlMjUyMExhJTI1MjBHYXJyaWdhJTI1MkMlMjUyMEJhcmNlbG9uYSUyMTVlMCUyMTNtMiUyMTFzY2ElMjEyc2VzJTIxNHYxNjk2ODY0Mzc0NDcyJTIxNW0yJTIxMXNjYSUyMTJzZXMlMjIlMjB3aWR0aCUzRCUyMjYwMCUyMiUyMGhlaWdodCUzRCUyMjQ1MCUyMiUyMHN0eWxlJTNEJTIyYm9yZGVyJTNBMCUzQiUyMiUyMGFsbG93ZnVsbHNjcmVlbiUzRCUyMiUyMiUyMGxvYWRpbmclM0QlMjJsYXp5JTIyJTIwcmVmZXJyZXJwb2xpY3klM0QlMjJuby1yZWZlcnJlci13aGVuLWRvd25ncmFkZSUyMiUzRSUzQyUyRmlmcmFtZSUzRQ==&#8221;][\/vc_column][\/vc_row]<\/p>\n","protected":false},"author":1,"featured_media":0,"parent":0,"menu_order":0,"comment_status":"closed","ping_status":"closed","template":"full-width.php","meta":{"footnotes":""},"class_list":["post-6425","page","type-page","status-publish","hentry"],"acf":[],"yoast_head":"<!-- This site is optimized with the Yoast SEO plugin v21.3 - https:\/\/yoast.com\/wordpress\/plugins\/seo\/ -->\n<title>Dissenys arquitect\u00f2nics \u00fanics - Contacta amb nosaltres<\/title>\n<meta name=\"description\" content=\"A cada projecte arquitect\u00f2nic posem passi\u00f3 i detall. Dissenya el futur amb estil. Volem con\u00e9ixer els teus projectes i idees.\" \/>\n<meta name=\"robots\" content=\"index, follow, max-snippet:-1, max-image-preview:large, max-video-preview:-1\" \/>\n<link rel=\"canonical\" href=\"https:\/\/xavifreire.com\/ca\/contacte\/\" \/>\n<meta property=\"og:locale\" content=\"ca_ES\" \/>\n<meta property=\"og:type\" content=\"article\" \/>\n<meta property=\"og:title\" content=\"Dissenys arquitect\u00f2nics \u00fanics - Contacta amb nosaltres\" \/>\n<meta property=\"og:description\" content=\"A cada projecte arquitect\u00f2nic posem passi\u00f3 i detall. Dissenya el futur amb estil. Volem con\u00e9ixer els teus projectes i idees.\" \/>\n<meta property=\"og:url\" content=\"https:\/\/xavifreire.com\/ca\/contacte\/\" \/>\n<meta property=\"og:site_name\" content=\"Xavi Freire ARQUITECTE\" \/>\n<meta property=\"article:modified_time\" content=\"2023-12-22T16:39:21+00:00\" \/>\n<meta name=\"twitter:card\" content=\"summary_large_image\" \/>\n<meta name=\"twitter:label1\" content=\"Temps estimat de lectura\" \/>\n\t<meta name=\"twitter:data1\" content=\"1 minut\" \/>\n<script type=\"application\/ld+json\" class=\"yoast-schema-graph\">{\"@context\":\"https:\/\/schema.org\",\"@graph\":[{\"@type\":\"WebPage\",\"@id\":\"https:\/\/xavifreire.com\/ca\/contacte\/\",\"url\":\"https:\/\/xavifreire.com\/ca\/contacte\/\",\"name\":\"Dissenys arquitect\u00f2nics \u00fanics - Contacta amb nosaltres\",\"isPartOf\":{\"@id\":\"https:\/\/xavifreire.com\/ca\/#website\"},\"datePublished\":\"2023-10-09T14:47:31+00:00\",\"dateModified\":\"2023-12-22T16:39:21+00:00\",\"description\":\"A cada projecte arquitect\u00f2nic posem passi\u00f3 i detall. Dissenya el futur amb estil. Volem con\u00e9ixer els teus projectes i idees.\",\"breadcrumb\":{\"@id\":\"https:\/\/xavifreire.com\/ca\/contacte\/#breadcrumb\"},\"inLanguage\":\"ca\",\"potentialAction\":[{\"@type\":\"ReadAction\",\"target\":[\"https:\/\/xavifreire.com\/ca\/contacte\/\"]}]},{\"@type\":\"BreadcrumbList\",\"@id\":\"https:\/\/xavifreire.com\/ca\/contacte\/#breadcrumb\",\"itemListElement\":[{\"@type\":\"ListItem\",\"position\":1,\"name\":\"Portada\",\"item\":\"https:\/\/xavifreire.com\/ca\/\"},{\"@type\":\"ListItem\",\"position\":2,\"name\":\"Contacte\"}]},{\"@type\":\"WebSite\",\"@id\":\"https:\/\/xavifreire.com\/ca\/#website\",\"url\":\"https:\/\/xavifreire.com\/ca\/\",\"name\":\"Xavi Freire ARQUITECTE\",\"description\":\"\",\"potentialAction\":[{\"@type\":\"SearchAction\",\"target\":{\"@type\":\"EntryPoint\",\"urlTemplate\":\"https:\/\/xavifreire.com\/ca\/?s={search_term_string}\"},\"query-input\":\"required name=search_term_string\"}],\"inLanguage\":\"ca\"}]}<\/script>\n<!-- \/ Yoast SEO plugin. -->","yoast_head_json":{"title":"Dissenys arquitect\u00f2nics \u00fanics - Contacta amb nosaltres","description":"A cada projecte arquitect\u00f2nic posem passi\u00f3 i detall. Dissenya el futur amb estil. Volem con\u00e9ixer els teus projectes i idees.","robots":{"index":"index","follow":"follow","max-snippet":"max-snippet:-1","max-image-preview":"max-image-preview:large","max-video-preview":"max-video-preview:-1"},"canonical":"https:\/\/xavifreire.com\/ca\/contacte\/","og_locale":"ca_ES","og_type":"article","og_title":"Dissenys arquitect\u00f2nics \u00fanics - Contacta amb nosaltres","og_description":"A cada projecte arquitect\u00f2nic posem passi\u00f3 i detall. Dissenya el futur amb estil. Volem con\u00e9ixer els teus projectes i idees.","og_url":"https:\/\/xavifreire.com\/ca\/contacte\/","og_site_name":"Xavi Freire ARQUITECTE","article_modified_time":"2023-12-22T16:39:21+00:00","twitter_card":"summary_large_image","twitter_misc":{"Temps estimat de lectura":"1 minut"},"schema":{"@context":"https:\/\/schema.org","@graph":[{"@type":"WebPage","@id":"https:\/\/xavifreire.com\/ca\/contacte\/","url":"https:\/\/xavifreire.com\/ca\/contacte\/","name":"Dissenys arquitect\u00f2nics \u00fanics - Contacta amb nosaltres","isPartOf":{"@id":"https:\/\/xavifreire.com\/ca\/#website"},"datePublished":"2023-10-09T14:47:31+00:00","dateModified":"2023-12-22T16:39:21+00:00","description":"A cada projecte arquitect\u00f2nic posem passi\u00f3 i detall. Dissenya el futur amb estil. Volem con\u00e9ixer els teus projectes i idees.","breadcrumb":{"@id":"https:\/\/xavifreire.com\/ca\/contacte\/#breadcrumb"},"inLanguage":"ca","potentialAction":[{"@type":"ReadAction","target":["https:\/\/xavifreire.com\/ca\/contacte\/"]}]},{"@type":"BreadcrumbList","@id":"https:\/\/xavifreire.com\/ca\/contacte\/#breadcrumb","itemListElement":[{"@type":"ListItem","position":1,"name":"Portada","item":"https:\/\/xavifreire.com\/ca\/"},{"@type":"ListItem","position":2,"name":"Contacte"}]},{"@type":"WebSite","@id":"https:\/\/xavifreire.com\/ca\/#website","url":"https:\/\/xavifreire.com\/ca\/","name":"Xavi Freire ARQUITECTE","description":"","potentialAction":[{"@type":"SearchAction","target":{"@type":"EntryPoint","urlTemplate":"https:\/\/xavifreire.com\/ca\/?s={search_term_string}"},"query-input":"required name=search_term_string"}],"inLanguage":"ca"}]}},"_links":{"self":[{"href":"https:\/\/xavifreire.com\/ca\/wp-json\/wp\/v2\/pages\/6425","targetHints":{"allow":["GET"]}}],"collection":[{"href":"https:\/\/xavifreire.com\/ca\/wp-json\/wp\/v2\/pages"}],"about":[{"href":"https:\/\/xavifreire.com\/ca\/wp-json\/wp\/v2\/types\/page"}],"author":[{"embeddable":true,"href":"https:\/\/xavifreire.com\/ca\/wp-json\/wp\/v2\/users\/1"}],"replies":[{"embeddable":true,"href":"https:\/\/xavifreire.com\/ca\/wp-json\/wp\/v2\/comments?post=6425"}],"version-history":[{"count":4,"href":"https:\/\/xavifreire.com\/ca\/wp-json\/wp\/v2\/pages\/6425\/revisions"}],"predecessor-version":[{"id":6613,"href":"https:\/\/xavifreire.com\/ca\/wp-json\/wp\/v2\/pages\/6425\/revisions\/6613"}],"wp:attachment":[{"href":"https:\/\/xavifreire.com\/ca\/wp-json\/wp\/v2\/media?parent=6425"}],"curies":[{"name":"wp","href":"https:\/\/api.w.org\/{rel}","templated":true}]}}