{"id":6431,"date":"2023-10-06T17:03:19","date_gmt":"2023-10-06T15:03:19","guid":{"rendered":"https:\/\/xavifreire.com\/estudi\/"},"modified":"2023-12-28T16:00:05","modified_gmt":"2023-12-28T15:00:05","slug":"estudi","status":"publish","type":"page","link":"https:\/\/xavifreire.com\/ca\/estudi\/","title":{"rendered":"Estudi"},"content":{"rendered":"<p>[vc_row css=&#8221;.vc_custom_1697640465083{padding-top: 6.85% !important;padding-bottom: 6.85% !important;background-image: url(https:\/\/xavifreire.com\/wp-content\/uploads\/2023\/10\/estudi-1-scaled.jpg?id=5644) !important;background-position: center !important;background-repeat: no-repeat !important;background-size: cover !important;}&#8221;][vc_column width=&#8221;2\/3&#8243; offset=&#8221;vc_col-lg-5 vc_col-md-7&#8243; css=&#8221;.vc_custom_1697730097661{padding-top: 0px !important;padding-right: 17% !important;padding-bottom: 0px !important;padding-left: 17% !important;}&#8221; el_class=&#8221;caixa&#8221;]<div class=\"qodef-elements-holder   qodef-one-column  qodef-responsive-mode-768   \" ><div class=\"qodef-eh-item     \" style=\"background-color: rgba(255,255,255,0.51)\" data-item-class=\"qodef-eh-custom-8600\" data-1366-1600=\"58px 30px 63px 30px\" data-1024-1366=\"58px 20px 63px\" data-768-1024=\"58px 20px 63px\" data-680-768=\"58px 25px 63px\" data-680=\"58px 20px 63px\">\n\t<div class=\"qodef-eh-item-inner\">\n\t\t<div class=\"qodef-eh-item-content qodef-eh-custom-8600\" style=\"padding: 580px 100px 63px 48px\">\n\t\t\t<div class=\"qodef-section-title-holder  qodef-st-standard qodef-st-title-left qodef-st-normal-space  \" style=\"padding: 0px;text-align: right\">\n\t<div class=\"qodef-st-inner\">\n        \t\t\t\t\t<h5 class=\"qodef-st-title\" >\n\t\t\t\t<span class=\"qodef-st-title-bold\">Xavi<\/span> <span class=\"qodef-st-title-bold\">Freire<\/span>\t\t\t<\/h5>\n\t\t\t\t\t\t\t<p class=\"qodef-st-text\" style=\"font-weight: 500;margin-top: 14px\">\n\t\t\t\tS\u00f3c arquitecte des de l'any 2000 (ETSAV).<br \/>\nL\u2019univers que genera l\u2019ampli concepte de l\u2019arquitectura m\u2019ha acompanyat sempre desde petit, i a dia d\u2019avui tamb\u00e9 en la meva vida professional. En aquest m\u00f3n m\u2019hi he trobat c\u00f2mode per cr\u00e8ixer, aprendre i transformar l\u2019entorn en la mesura del possible.\t\t\t<\/p>\n\t\t\t<\/div>\n<\/div>\t\t<\/div>\n\t<\/div>\n<\/div><\/div>[\/vc_column][\/vc_row][vc_row row_content_width=&#8221;grid&#8221; css=&#8221;.vc_custom_1527685834064{padding-top: 133px !important;padding-bottom: 134px !important;}&#8221;][vc_column offset=&#8221;vc_col-lg-offset-1 vc_col-lg-10 vc_col-md-offset-0 vc_col-md-12 vc_col-sm-offset-0&#8243;]<div class=\"qodef-section-title-holder  qodef-st-standard qodef-st-title-left qodef-st-normal-space  \" style=\"text-align: center\">\n\t<div class=\"qodef-st-inner\">\n        \t\t\t\t\t<h2 class=\"qodef-st-title\" >\n\t\t\t\tXavi Freire\t\t\t<\/h2>\n\t\t\t\t\t\t\t<span class=\"qodef-st-text\" style=\"margin-top: 17px\">\n\t\t\t\tVaig n\u00e8ixer l'any 1982.<br \/>\nM\u2019agrada participar de la creaci\u00f3 d'espais arquitect\u00f2nics que respectin l'entorn i\/o el modifiquin amb criteris de sostenibilitat i efici\u00e8ncia. La m\u00fasica forma part del meu dia a dia amb diferents projectes desde l'any 2000. Altres aficions que omplen el meu temps s\u00f3n el coneixement que hi ha m\u00e9s enll\u00e0 del nostre planeta.\t\t\t<\/span>\n\t\t\t<\/div>\n<\/div>[\/vc_column][\/vc_row][vc_row][vc_column width=&#8221;1\/3&#8243; css=&#8221;.vc_custom_1696950524726{margin-bottom: 60px !important;}&#8221;][vc_single_image image=&#8221;6607&#8243; img_size=&#8221;400&#215;400&#8243; onclick=&#8221;link_image&#8221;][\/vc_column][vc_column width=&#8221;1\/3&#8243; css=&#8221;.vc_custom_1696950530909{margin-bottom: 60px !important;}&#8221;][vc_single_image image=&#8221;6617&#8243; img_size=&#8221;400&#215;400&#8243; alignment=&#8221;center&#8221; onclick=&#8221;link_image&#8221;][\/vc_column][vc_column width=&#8221;1\/3&#8243; css=&#8221;.vc_custom_1696950536629{margin-bottom: 60px !important;}&#8221;][vc_single_image image=&#8221;5690&#8243; img_size=&#8221;400&#215;400&#8243; alignment=&#8221;right&#8221; onclick=&#8221;link_image&#8221;][\/vc_column][\/vc_row]<\/p>\n","protected":false},"excerpt":{"rendered":"<p>[vc_row css=&#8221;.vc_custom_1697640465083{padding-top: 6.85% !important;padding-bottom: 6.85% !important;background-image: url(https:\/\/xavifreire.com\/wp-content\/uploads\/2023\/10\/estudi-1-scaled.jpg?id=5644) !important;background-position: center !important;background-repeat: no-repeat !important;background-size: cover !important;}&#8221;][vc_column width=&#8221;2\/3&#8243; offset=&#8221;vc_col-lg-5 vc_col-md-7&#8243; css=&#8221;.vc_custom_1697730097661{padding-top: 0px !important;padding-right: 17% !important;padding-bottom: 0px !important;padding-left: 17% !important;}&#8221; el_class=&#8221;caixa&#8221;][\/vc_column][\/vc_row][vc_row row_content_width=&#8221;grid&#8221; css=&#8221;.vc_custom_1527685834064{padding-top: 133px !important;padding-bottom: 134px !important;}&#8221;][vc_column offset=&#8221;vc_col-lg-offset-1 vc_col-lg-10 vc_col-md-offset-0 vc_col-md-12 vc_col-sm-offset-0&#8243;][\/vc_column][\/vc_row][vc_row][vc_column width=&#8221;1\/3&#8243; css=&#8221;.vc_custom_1696950524726{margin-bottom: 60px !important;}&#8221;][vc_single_image image=&#8221;6607&#8243; img_size=&#8221;400&#215;400&#8243; onclick=&#8221;link_image&#8221;][\/vc_column][vc_column width=&#8221;1\/3&#8243; css=&#8221;.vc_custom_1696950530909{margin-bottom: 60px !important;}&#8221;][vc_single_image image=&#8221;6617&#8243; [&hellip;]<\/p>\n","protected":false},"author":1,"featured_media":0,"parent":0,"menu_order":0,"comment_status":"closed","ping_status":"closed","template":"","meta":{"footnotes":""},"class_list":["post-6431","page","type-page","status-publish","hentry"],"acf":[],"yoast_head":"<!-- This site is optimized with the Yoast SEO plugin v21.3 - https:\/\/yoast.com\/wordpress\/plugins\/seo\/ -->\n<title>Arquitectura d&#039;avantguarda, constru\u00efm projectes impactants<\/title>\n<meta name=\"description\" content=\"Descobreix com el nostre enfocament creatiu en arquitectura per donar vida als teus projectes somiats. Innovaci\u00f3 i estil.\" \/>\n<meta name=\"robots\" content=\"index, follow, max-snippet:-1, max-image-preview:large, max-video-preview:-1\" \/>\n<link rel=\"canonical\" href=\"https:\/\/xavifreire.com\/ca\/estudi\/\" \/>\n<meta property=\"og:locale\" content=\"ca_ES\" \/>\n<meta property=\"og:type\" content=\"article\" \/>\n<meta property=\"og:title\" content=\"Arquitectura d&#039;avantguarda, constru\u00efm projectes impactants\" \/>\n<meta property=\"og:description\" content=\"Descobreix com el nostre enfocament creatiu en arquitectura per donar vida als teus projectes somiats. Innovaci\u00f3 i estil.\" \/>\n<meta property=\"og:url\" content=\"https:\/\/xavifreire.com\/ca\/estudi\/\" \/>\n<meta property=\"og:site_name\" content=\"Xavi Freire ARQUITECTE\" \/>\n<meta property=\"article:modified_time\" content=\"2023-12-28T15:00:05+00:00\" \/>\n<meta name=\"twitter:card\" content=\"summary_large_image\" \/>\n<meta name=\"twitter:label1\" content=\"Temps estimat de lectura\" \/>\n\t<meta name=\"twitter:data1\" content=\"1 minut\" \/>\n<script type=\"application\/ld+json\" class=\"yoast-schema-graph\">{\"@context\":\"https:\/\/schema.org\",\"@graph\":[{\"@type\":\"WebPage\",\"@id\":\"https:\/\/xavifreire.com\/ca\/estudi\/\",\"url\":\"https:\/\/xavifreire.com\/ca\/estudi\/\",\"name\":\"Arquitectura d'avantguarda, constru\u00efm projectes impactants\",\"isPartOf\":{\"@id\":\"https:\/\/xavifreire.com\/ca\/#website\"},\"datePublished\":\"2023-10-06T15:03:19+00:00\",\"dateModified\":\"2023-12-28T15:00:05+00:00\",\"description\":\"Descobreix com el nostre enfocament creatiu en arquitectura per donar vida als teus projectes somiats. Innovaci\u00f3 i estil.\",\"breadcrumb\":{\"@id\":\"https:\/\/xavifreire.com\/ca\/estudi\/#breadcrumb\"},\"inLanguage\":\"ca\",\"potentialAction\":[{\"@type\":\"ReadAction\",\"target\":[\"https:\/\/xavifreire.com\/ca\/estudi\/\"]}]},{\"@type\":\"BreadcrumbList\",\"@id\":\"https:\/\/xavifreire.com\/ca\/estudi\/#breadcrumb\",\"itemListElement\":[{\"@type\":\"ListItem\",\"position\":1,\"name\":\"Portada\",\"item\":\"https:\/\/xavifreire.com\/ca\/\"},{\"@type\":\"ListItem\",\"position\":2,\"name\":\"Estudi\"}]},{\"@type\":\"WebSite\",\"@id\":\"https:\/\/xavifreire.com\/ca\/#website\",\"url\":\"https:\/\/xavifreire.com\/ca\/\",\"name\":\"Xavi Freire ARQUITECTE\",\"description\":\"\",\"potentialAction\":[{\"@type\":\"SearchAction\",\"target\":{\"@type\":\"EntryPoint\",\"urlTemplate\":\"https:\/\/xavifreire.com\/ca\/?s={search_term_string}\"},\"query-input\":\"required name=search_term_string\"}],\"inLanguage\":\"ca\"}]}<\/script>\n<!-- \/ Yoast SEO plugin. -->","yoast_head_json":{"title":"Arquitectura d'avantguarda, constru\u00efm projectes impactants","description":"Descobreix com el nostre enfocament creatiu en arquitectura per donar vida als teus projectes somiats. Innovaci\u00f3 i estil.","robots":{"index":"index","follow":"follow","max-snippet":"max-snippet:-1","max-image-preview":"max-image-preview:large","max-video-preview":"max-video-preview:-1"},"canonical":"https:\/\/xavifreire.com\/ca\/estudi\/","og_locale":"ca_ES","og_type":"article","og_title":"Arquitectura d'avantguarda, constru\u00efm projectes impactants","og_description":"Descobreix com el nostre enfocament creatiu en arquitectura per donar vida als teus projectes somiats. Innovaci\u00f3 i estil.","og_url":"https:\/\/xavifreire.com\/ca\/estudi\/","og_site_name":"Xavi Freire ARQUITECTE","article_modified_time":"2023-12-28T15:00:05+00:00","twitter_card":"summary_large_image","twitter_misc":{"Temps estimat de lectura":"1 minut"},"schema":{"@context":"https:\/\/schema.org","@graph":[{"@type":"WebPage","@id":"https:\/\/xavifreire.com\/ca\/estudi\/","url":"https:\/\/xavifreire.com\/ca\/estudi\/","name":"Arquitectura d'avantguarda, constru\u00efm projectes impactants","isPartOf":{"@id":"https:\/\/xavifreire.com\/ca\/#website"},"datePublished":"2023-10-06T15:03:19+00:00","dateModified":"2023-12-28T15:00:05+00:00","description":"Descobreix com el nostre enfocament creatiu en arquitectura per donar vida als teus projectes somiats. Innovaci\u00f3 i estil.","breadcrumb":{"@id":"https:\/\/xavifreire.com\/ca\/estudi\/#breadcrumb"},"inLanguage":"ca","potentialAction":[{"@type":"ReadAction","target":["https:\/\/xavifreire.com\/ca\/estudi\/"]}]},{"@type":"BreadcrumbList","@id":"https:\/\/xavifreire.com\/ca\/estudi\/#breadcrumb","itemListElement":[{"@type":"ListItem","position":1,"name":"Portada","item":"https:\/\/xavifreire.com\/ca\/"},{"@type":"ListItem","position":2,"name":"Estudi"}]},{"@type":"WebSite","@id":"https:\/\/xavifreire.com\/ca\/#website","url":"https:\/\/xavifreire.com\/ca\/","name":"Xavi Freire ARQUITECTE","description":"","potentialAction":[{"@type":"SearchAction","target":{"@type":"EntryPoint","urlTemplate":"https:\/\/xavifreire.com\/ca\/?s={search_term_string}"},"query-input":"required name=search_term_string"}],"inLanguage":"ca"}]}},"_links":{"self":[{"href":"https:\/\/xavifreire.com\/ca\/wp-json\/wp\/v2\/pages\/6431","targetHints":{"allow":["GET"]}}],"collection":[{"href":"https:\/\/xavifreire.com\/ca\/wp-json\/wp\/v2\/pages"}],"about":[{"href":"https:\/\/xavifreire.com\/ca\/wp-json\/wp\/v2\/types\/page"}],"author":[{"embeddable":true,"href":"https:\/\/xavifreire.com\/ca\/wp-json\/wp\/v2\/users\/1"}],"replies":[{"embeddable":true,"href":"https:\/\/xavifreire.com\/ca\/wp-json\/wp\/v2\/comments?post=6431"}],"version-history":[{"count":10,"href":"https:\/\/xavifreire.com\/ca\/wp-json\/wp\/v2\/pages\/6431\/revisions"}],"predecessor-version":[{"id":6619,"href":"https:\/\/xavifreire.com\/ca\/wp-json\/wp\/v2\/pages\/6431\/revisions\/6619"}],"wp:attachment":[{"href":"https:\/\/xavifreire.com\/ca\/wp-json\/wp\/v2\/media?parent=6431"}],"curies":[{"name":"wp","href":"https:\/\/api.w.org\/{rel}","templated":true}]}}